{"id":1964,"date":"2022-09-22T17:47:45","date_gmt":"2022-09-22T15:47:45","guid":{"rendered":"https:\/\/www.teleson.de\/?page_id=1964"},"modified":"2023-07-31T12:44:05","modified_gmt":"2023-07-31T10:44:05","slug":"impressum","status":"publish","type":"page","link":"https:\/\/www.teleson.de\/index.php\/impressum\/","title":{"rendered":"Impressum"},"content":{"rendered":"\t\t<div data-elementor-type=\"wp-post\" data-elementor-id=\"1964\" class=\"elementor elementor-1964\" data-elementor-post-type=\"page\">\n\t\t\t\t\t\t<section class=\"elementor-section elementor-top-section elementor-element elementor-element-a234f05 elementor-section-content-middle elementor-section-boxed elementor-section-height-default elementor-section-height-default\" data-id=\"a234f05\" data-element_type=\"section\" data-e-type=\"section\" data-settings=\"{&quot;background_background&quot;:&quot;classic&quot;}\">\n\t\t\t\t\t\t\t<div class=\"elementor-background-overlay\"><\/div>\n\t\t\t\t\t\t\t<div class=\"elementor-container elementor-column-gap-default\">\n\t\t\t\t\t<div class=\"elementor-column elementor-col-100 elementor-top-column elementor-element elementor-element-291a842\" data-id=\"291a842\" data-element_type=\"column\" data-e-type=\"column\">\n\t\t\t<div class=\"elementor-widget-wrap elementor-element-populated\">\n\t\t\t\t\t\t<div class=\"elementor-element elementor-element-35b5f93 elementor-align-left animated-fast elementor-invisible elementor-widget elementor-widget-breadcrumbs\" data-id=\"35b5f93\" data-element_type=\"widget\" data-e-type=\"widget\" data-settings=\"{&quot;_animation&quot;:&quot;fadeInUp&quot;,&quot;_animation_delay&quot;:2000}\" data-widget_type=\"breadcrumbs.default\">\n\t\t\t\t<div class=\"elementor-widget-container\">\n\t\t\t\t\t<p id=\"breadcrumbs\">\tNavigation:\n<span><span><a href=\"https:\/\/www.teleson.de\/\">Startseite<\/a><\/span><\/span><\/p>\t\t\t\t<\/div>\n\t\t\t\t<\/div>\n\t\t\t\t<div class=\"elementor-element elementor-element-94a917f elementor-widget elementor-widget-heading\" data-id=\"94a917f\" data-element_type=\"widget\" data-e-type=\"widget\" data-widget_type=\"heading.default\">\n\t\t\t\t<div class=\"elementor-widget-container\">\n\t\t\t\t\t<h1 class=\"elementor-heading-title elementor-size-default\">Impressum<\/h1>\t\t\t\t<\/div>\n\t\t\t\t<\/div>\n\t\t\t\t<section class=\"elementor-section elementor-inner-section elementor-element elementor-element-fa79be0 elementor-section-full_width elementor-section-height-default elementor-section-height-default\" data-id=\"fa79be0\" data-element_type=\"section\" data-e-type=\"section\">\n\t\t\t\t\t\t<div class=\"elementor-container elementor-column-gap-default\">\n\t\t\t\t\t<div class=\"elementor-column elementor-col-33 elementor-inner-column elementor-element elementor-element-8e61daa\" data-id=\"8e61daa\" data-element_type=\"column\" data-e-type=\"column\">\n\t\t\t<div class=\"elementor-widget-wrap elementor-element-populated\">\n\t\t\t\t\t\t<div class=\"elementor-element elementor-element-9680b98 elementor-widget elementor-widget-text-editor\" data-id=\"9680b98\" data-element_type=\"widget\" data-e-type=\"widget\" data-widget_type=\"text-editor.default\">\n\t\t\t\t<div class=\"elementor-widget-container\">\n\t\t\t\t\t\t\t\t\t<p>TELESON Vertriebs GmbH<\/p><p>Paul-Gerhardt-Allee 48<\/p><p>81245 M\u00fcnchen<\/p><p>Deutschland<\/p>\t\t\t\t\t\t\t\t<\/div>\n\t\t\t\t<\/div>\n\t\t\t\t\t<\/div>\n\t\t<\/div>\n\t\t\t\t<div class=\"elementor-column elementor-col-33 elementor-inner-column elementor-element elementor-element-ba9deae elementor-hidden-tablet elementor-hidden-mobile\" data-id=\"ba9deae\" data-element_type=\"column\" data-e-type=\"column\">\n\t\t\t<div class=\"elementor-widget-wrap elementor-element-populated\">\n\t\t\t\t\t\t<div class=\"elementor-element elementor-element-89f0981 elementor-widget elementor-widget-text-editor\" data-id=\"89f0981\" data-element_type=\"widget\" data-e-type=\"widget\" data-widget_type=\"text-editor.default\">\n\t\t\t\t<div class=\"elementor-widget-container\">\n\t\t\t\t\t\t\t\t\t<p>Telefon<\/p><p>E-Mail<\/p><p>Website<\/p><p>Gesch\u00e4ftsf\u00fchrung<\/p><p>Registergericht<\/p><p><span style=\"color: var( --e-global-color-25e71b8 );\">Ust-IdNummer<\/span><\/p><p>\u00a0<\/p>\t\t\t\t\t\t\t\t<\/div>\n\t\t\t\t<\/div>\n\t\t\t\t\t<\/div>\n\t\t<\/div>\n\t\t\t\t<div class=\"elementor-column elementor-col-33 elementor-inner-column elementor-element elementor-element-aeaaa60\" data-id=\"aeaaa60\" data-element_type=\"column\" data-e-type=\"column\">\n\t\t\t<div class=\"elementor-widget-wrap elementor-element-populated\">\n\t\t\t\t\t\t<div class=\"elementor-element elementor-element-da69f4f elementor-widget elementor-widget-text-editor\" data-id=\"da69f4f\" data-element_type=\"widget\" data-e-type=\"widget\" data-widget_type=\"text-editor.default\">\n\t\t\t\t<div class=\"elementor-widget-container\">\n\t\t\t\t\t\t\t\t\t<p><span style=\"color: #333333;\"><a style=\"color: #333333;\" href=\"tel:+498924449839\">+49 (0)89 \/ 24 44 98 39<\/a><\/span><\/p><p><span style=\"color: #333333;\"><a style=\"color: #333333;\" href=\"mailto: info@teleson.de\" target=\"_blank\" rel=\"noopener\">\u00a0info[at]teleson.de<\/a><\/span><\/p><p><span style=\"color: #333333;\"><a style=\"color: #333333;\" href=\"https:\/\/www.teleson.de\/\">www.teleson.de<\/a><\/span><\/p><p>Dr. Helmut Schmidt,\u00a0Frank Br\u00f6ckl<\/p><p>Amtsgericht M\u00fcnchen, HRB 180774<\/p><p>DE815512023<\/p>\t\t\t\t\t\t\t\t<\/div>\n\t\t\t\t<\/div>\n\t\t\t\t\t<\/div>\n\t\t<\/div>\n\t\t\t\t\t<\/div>\n\t\t<\/section>\n\t\t\t\t<div class=\"elementor-element elementor-element-fd36da6 elementor-widget elementor-widget-heading\" data-id=\"fd36da6\" data-element_type=\"widget\" data-e-type=\"widget\" data-widget_type=\"heading.default\">\n\t\t\t\t<div class=\"elementor-widget-container\">\n\t\t\t\t\t<h2 class=\"elementor-heading-title elementor-size-default\">Verantwortlich<\/h2>\t\t\t\t<\/div>\n\t\t\t\t<\/div>\n\t\t\t\t<div class=\"elementor-element elementor-element-bf0ae07 elementor-widget elementor-widget-text-editor\" data-id=\"bf0ae07\" data-element_type=\"widget\" data-e-type=\"widget\" data-widget_type=\"text-editor.default\">\n\t\t\t\t<div class=\"elementor-widget-container\">\n\t\t\t\t\t\t\t\t\t<p>Dr. Helmut Schmidt, Frank Br\u00f6ckl, Paul-Gerhardt-Allee 48, 81245 M\u00fcnchen<\/p>\t\t\t\t\t\t\t\t<\/div>\n\t\t\t\t<\/div>\n\t\t\t\t<div class=\"elementor-element elementor-element-f176c44 elementor-widget elementor-widget-heading\" data-id=\"f176c44\" data-element_type=\"widget\" data-e-type=\"widget\" data-widget_type=\"heading.default\">\n\t\t\t\t<div class=\"elementor-widget-container\">\n\t\t\t\t\t<h3 class=\"elementor-heading-title elementor-size-default\">Haftungsausschluss<\/h3>\t\t\t\t<\/div>\n\t\t\t\t<\/div>\n\t\t\t\t<div class=\"elementor-element elementor-element-d4b9366 elementor-widget elementor-widget-text-editor\" data-id=\"d4b9366\" data-element_type=\"widget\" data-e-type=\"widget\" data-widget_type=\"text-editor.default\">\n\t\t\t\t<div class=\"elementor-widget-container\">\n\t\t\t\t\t\t\t\t\t<p>Die auf dieser Homepage f\u00fcr Sie bereitgestellten Informationen wurden sorgf\u00e4ltig gepr\u00fcft und werden regelm\u00e4\u00dfig aktualisiert. Bitte haben Sie daf\u00fcr Verst\u00e4ndnis, dass keine Haftung oder Garantie daf\u00fcr \u00fcbernommen werden kann, dass alle Angaben zu jeder Zeit vollst\u00e4ndig, richtig und in letzter Aktualit\u00e4t dargestellt sind. Dies gilt insbesondere f\u00fcr alle Verbindungen (&#8220;Links&#8221;) zu anderen Homepages, auf die direkt oder indirekt verwiesen wird. Alle Angaben k\u00f6nnen ohne vorherige Ank\u00fcndigung erg\u00e4nzt, entfernt oder ge\u00e4ndert werden. Weder die Ver\u00f6ffentlichung noch ihr Inhalt d\u00fcrfen ohne die vorherige und ausdr\u00fcckliche Genehmigung der TELESON Vertriebs GmbH auf irgendeine Art ver\u00e4ndert oder an Dritte verteilt oder \u00fcbermittelt werden. Alle Rechte vorbehalten. Alle Angaben ohne Gew\u00e4hr.<\/p>\t\t\t\t\t\t\t\t<\/div>\n\t\t\t\t<\/div>\n\t\t\t\t<div class=\"elementor-element elementor-element-72e3e8c elementor-widget elementor-widget-heading\" data-id=\"72e3e8c\" data-element_type=\"widget\" data-e-type=\"widget\" data-widget_type=\"heading.default\">\n\t\t\t\t<div class=\"elementor-widget-container\">\n\t\t\t\t\t<h4 class=\"elementor-heading-title elementor-size-default\">Aufsichtsbeh\u00f6rde<\/h4>\t\t\t\t<\/div>\n\t\t\t\t<\/div>\n\t\t\t\t<div class=\"elementor-element elementor-element-3ce1621 elementor-widget elementor-widget-text-editor\" data-id=\"3ce1621\" data-element_type=\"widget\" data-e-type=\"widget\" data-widget_type=\"text-editor.default\">\n\t\t\t\t<div class=\"elementor-widget-container\">\n\t\t\t\t\t\t\t\t\t<p>Bundesnetzagentur f\u00fcr Elektrizit\u00e4t, Gas, Telekommunikation, Post und Eisenbahnen Tulpenfeld 4, 53113 Bonn.<\/p>\t\t\t\t\t\t\t\t<\/div>\n\t\t\t\t<\/div>\n\t\t\t\t<div class=\"elementor-element elementor-element-66f0890 elementor-widget elementor-widget-heading\" data-id=\"66f0890\" data-element_type=\"widget\" data-e-type=\"widget\" data-widget_type=\"heading.default\">\n\t\t\t\t<div class=\"elementor-widget-container\">\n\t\t\t\t\t<h5 class=\"elementor-heading-title elementor-size-default\">Bildnachweise<\/h5>\t\t\t\t<\/div>\n\t\t\t\t<\/div>\n\t\t\t\t<div class=\"elementor-element elementor-element-cfeeeb8 elementor-widget elementor-widget-text-editor\" data-id=\"cfeeeb8\" data-element_type=\"widget\" data-e-type=\"widget\" data-widget_type=\"text-editor.default\">\n\t\t\t\t<div class=\"elementor-widget-container\">\n\t\t\t\t\t\t\t\t\t<p>Anna McMaster, M\u00fcnchen<\/p>\t\t\t\t\t\t\t\t<\/div>\n\t\t\t\t<\/div>\n\t\t\t\t\t<\/div>\n\t\t<\/div>\n\t\t\t\t\t<\/div>\n\t\t<\/section>\n\t\t\t\t<\/div>\n\t\t","protected":false},"excerpt":{"rendered":"<p>TELESON Vertriebs GmbH<br \/>\nPaul-Gerhardt-Allee 48<br \/>\n81245 M\u00fcnchen<br \/>\nDeutschland<\/p>\n<p>+49 (0)89 \/ 24 44 98 39<br \/>\n\u00a0info[at]teleson.de<br \/>\nwww.teleson.de<\/p>\n<p>Dr. Helmut Schmidt,\u00a0Frank Br\u00f6ckl<br \/>\nAmtsgericht M\u00fcnchen, HRB 180774<br \/>\nDE815512023<\/p>\n","protected":false},"author":1,"featured_media":3455,"parent":0,"menu_order":8,"comment_status":"closed","ping_status":"closed","template":"elementor_header_footer","meta":{"footnotes":""},"class_list":["post-1964","page","type-page","status-publish","has-post-thumbnail","hentry"],"yoast_head":"<!-- This site is optimized with the Yoast SEO plugin v27.3 - https:\/\/yoast.com\/product\/yoast-seo-wordpress\/ -->\n<title>Impressum der TELESON Vertriebs GmbH \u2013 wir haben die Energie<\/title>\n<meta name=\"description\" content=\"Impressum der TELESON Vertriebs GmbH. Anschrift: Paul-Gerhardt-Allee 48, 81245 M\u00fcnchen. Telefon: +49 (0)89 \/ 24 44 98 39. Alle Infos.\" \/>\n<meta name=\"robots\" content=\"index, follow, max-snippet:-1, max-image-preview:large, max-video-preview:-1\" \/>\n<link rel=\"canonical\" href=\"https:\/\/www.teleson.de\/index.php\/impressum\/\" \/>\n<meta property=\"og:locale\" content=\"de_DE\" \/>\n<meta property=\"og:type\" content=\"article\" \/>\n<meta property=\"og:title\" content=\"Impressum der TELESON Vertriebs GmbH \u2013 wir haben die Energie\" \/>\n<meta property=\"og:description\" content=\"Impressum der TELESON Vertriebs GmbH. Anschrift: Paul-Gerhardt-Allee 48, 81245 M\u00fcnchen. Telefon: +49 (0)89 \/ 24 44 98 39. Alle Infos.\" \/>\n<meta property=\"og:url\" content=\"https:\/\/www.teleson.de\/index.php\/impressum\/\" \/>\n<meta property=\"og:site_name\" content=\"TELESON\" \/>\n<meta property=\"article:publisher\" content=\"https:\/\/www.facebook.com\/telesonvertriebsgmbh\/\" \/>\n<meta property=\"article:modified_time\" content=\"2023-07-31T10:44:05+00:00\" \/>\n<meta property=\"og:image\" content=\"https:\/\/www.teleson.de\/wp-content\/uploads\/2022\/11\/background-green-v2-1.jpg\" \/>\n\t<meta property=\"og:image:width\" content=\"2200\" \/>\n\t<meta property=\"og:image:height\" content=\"1129\" \/>\n\t<meta property=\"og:image:type\" content=\"image\/jpeg\" \/>\n<meta name=\"twitter:card\" content=\"summary_large_image\" \/>\n<meta name=\"twitter:title\" content=\"Impressum der TELESON Vertriebs GmbH \u2013 wir haben die Energie\" \/>\n<meta name=\"twitter:description\" content=\"Impressum der TELESON Vertriebs GmbH. Anschrift: Paul-Gerhardt-Allee 48, 81245 M\u00fcnchen. Telefon: +49 (0)89 \/ 24 44 98 39. Alle Infos.\" \/>\n<meta name=\"twitter:image\" content=\"https:\/\/www.teleson.de\/wp-content\/uploads\/2022\/11\/background-green-v2-1.jpg\" \/>\n<meta name=\"twitter:label1\" content=\"Gesch\u00e4tzte Lesezeit\" \/>\n\t<meta name=\"twitter:data1\" content=\"1\u00a0Minute\" \/>\n<script type=\"application\/ld+json\" class=\"yoast-schema-graph\">{\"@context\":\"https:\\\/\\\/schema.org\",\"@graph\":[{\"@type\":\"WebPage\",\"@id\":\"https:\\\/\\\/www.teleson.de\\\/index.php\\\/impressum\\\/\",\"url\":\"https:\\\/\\\/www.teleson.de\\\/index.php\\\/impressum\\\/\",\"name\":\"Impressum der TELESON Vertriebs GmbH \u2013 wir haben die Energie\",\"isPartOf\":{\"@id\":\"https:\\\/\\\/www.teleson.de\\\/#website\"},\"primaryImageOfPage\":{\"@id\":\"https:\\\/\\\/www.teleson.de\\\/index.php\\\/impressum\\\/#primaryimage\"},\"image\":{\"@id\":\"https:\\\/\\\/www.teleson.de\\\/index.php\\\/impressum\\\/#primaryimage\"},\"thumbnailUrl\":\"https:\\\/\\\/www.teleson.de\\\/wp-content\\\/uploads\\\/2022\\\/11\\\/background-green-v2-1.jpg\",\"datePublished\":\"2022-09-22T15:47:45+00:00\",\"dateModified\":\"2023-07-31T10:44:05+00:00\",\"description\":\"Impressum der TELESON Vertriebs GmbH. Anschrift: Paul-Gerhardt-Allee 48, 81245 M\u00fcnchen. Telefon: +49 (0)89 \\\/ 24 44 98 39. Alle Infos.\",\"breadcrumb\":{\"@id\":\"https:\\\/\\\/www.teleson.de\\\/index.php\\\/impressum\\\/#breadcrumb\"},\"inLanguage\":\"de\",\"potentialAction\":[{\"@type\":\"ReadAction\",\"target\":[\"https:\\\/\\\/www.teleson.de\\\/index.php\\\/impressum\\\/\"]}]},{\"@type\":\"ImageObject\",\"inLanguage\":\"de\",\"@id\":\"https:\\\/\\\/www.teleson.de\\\/index.php\\\/impressum\\\/#primaryimage\",\"url\":\"https:\\\/\\\/www.teleson.de\\\/wp-content\\\/uploads\\\/2022\\\/11\\\/background-green-v2-1.jpg\",\"contentUrl\":\"https:\\\/\\\/www.teleson.de\\\/wp-content\\\/uploads\\\/2022\\\/11\\\/background-green-v2-1.jpg\",\"width\":2200,\"height\":1129},{\"@type\":\"BreadcrumbList\",\"@id\":\"https:\\\/\\\/www.teleson.de\\\/index.php\\\/impressum\\\/#breadcrumb\",\"itemListElement\":[{\"@type\":\"ListItem\",\"position\":1,\"name\":\"Startseite\",\"item\":\"https:\\\/\\\/www.teleson.de\\\/\"},{\"@type\":\"ListItem\",\"position\":2,\"name\":\"Impressum\"}]},{\"@type\":\"WebSite\",\"@id\":\"https:\\\/\\\/www.teleson.de\\\/#website\",\"url\":\"https:\\\/\\\/www.teleson.de\\\/\",\"name\":\"TELESON\",\"description\":\"Wir haben die Energie.\",\"publisher\":{\"@id\":\"https:\\\/\\\/www.teleson.de\\\/#organization\"},\"potentialAction\":[{\"@type\":\"SearchAction\",\"target\":{\"@type\":\"EntryPoint\",\"urlTemplate\":\"https:\\\/\\\/www.teleson.de\\\/?s={search_term_string}\"},\"query-input\":{\"@type\":\"PropertyValueSpecification\",\"valueRequired\":true,\"valueName\":\"search_term_string\"}}],\"inLanguage\":\"de\"},{\"@type\":\"Organization\",\"@id\":\"https:\\\/\\\/www.teleson.de\\\/#organization\",\"name\":\"TeleSon Vertriebs GmbH\",\"url\":\"https:\\\/\\\/www.teleson.de\\\/\",\"logo\":{\"@type\":\"ImageObject\",\"inLanguage\":\"de\",\"@id\":\"https:\\\/\\\/www.teleson.de\\\/#\\\/schema\\\/logo\\\/image\\\/\",\"url\":\"https:\\\/\\\/www.teleson.de\\\/wp-content\\\/uploads\\\/2022\\\/07\\\/cropped-TELESON_Segel_kleiner-600x175-1.png\",\"contentUrl\":\"https:\\\/\\\/www.teleson.de\\\/wp-content\\\/uploads\\\/2022\\\/07\\\/cropped-TELESON_Segel_kleiner-600x175-1.png\",\"width\":600,\"height\":171,\"caption\":\"TeleSon Vertriebs GmbH\"},\"image\":{\"@id\":\"https:\\\/\\\/www.teleson.de\\\/#\\\/schema\\\/logo\\\/image\\\/\"},\"sameAs\":[\"https:\\\/\\\/www.facebook.com\\\/telesonvertriebsgmbh\\\/\",\"https:\\\/\\\/www.linkedin.com\\\/company\\\/teleson-vertriebs-gmbh\\\/\",\"https:\\\/\\\/www.xing.com\\\/pages\\\/teleson-vertriebs-gmbh\",\"https:\\\/\\\/www.instagram.com\\\/telesonvertrieb\\\/\"]}]}<\/script>\n<!-- \/ Yoast SEO plugin. -->","yoast_head_json":{"title":"Impressum der TELESON Vertriebs GmbH \u2013 wir haben die Energie","description":"Impressum der TELESON Vertriebs GmbH. Anschrift: Paul-Gerhardt-Allee 48, 81245 M\u00fcnchen. Telefon: +49 (0)89 \/ 24 44 98 39. Alle Infos.","robots":{"index":"index","follow":"follow","max-snippet":"max-snippet:-1","max-image-preview":"max-image-preview:large","max-video-preview":"max-video-preview:-1"},"canonical":"https:\/\/www.teleson.de\/index.php\/impressum\/","og_locale":"de_DE","og_type":"article","og_title":"Impressum der TELESON Vertriebs GmbH \u2013 wir haben die Energie","og_description":"Impressum der TELESON Vertriebs GmbH. Anschrift: Paul-Gerhardt-Allee 48, 81245 M\u00fcnchen. Telefon: +49 (0)89 \/ 24 44 98 39. Alle Infos.","og_url":"https:\/\/www.teleson.de\/index.php\/impressum\/","og_site_name":"TELESON","article_publisher":"https:\/\/www.facebook.com\/telesonvertriebsgmbh\/","article_modified_time":"2023-07-31T10:44:05+00:00","og_image":[{"width":2200,"height":1129,"url":"https:\/\/www.teleson.de\/wp-content\/uploads\/2022\/11\/background-green-v2-1.jpg","type":"image\/jpeg"}],"twitter_card":"summary_large_image","twitter_title":"Impressum der TELESON Vertriebs GmbH \u2013 wir haben die Energie","twitter_description":"Impressum der TELESON Vertriebs GmbH. Anschrift: Paul-Gerhardt-Allee 48, 81245 M\u00fcnchen. Telefon: +49 (0)89 \/ 24 44 98 39. Alle Infos.","twitter_image":"https:\/\/www.teleson.de\/wp-content\/uploads\/2022\/11\/background-green-v2-1.jpg","twitter_misc":{"Gesch\u00e4tzte Lesezeit":"1\u00a0Minute"},"schema":{"@context":"https:\/\/schema.org","@graph":[{"@type":"WebPage","@id":"https:\/\/www.teleson.de\/index.php\/impressum\/","url":"https:\/\/www.teleson.de\/index.php\/impressum\/","name":"Impressum der TELESON Vertriebs GmbH \u2013 wir haben die Energie","isPartOf":{"@id":"https:\/\/www.teleson.de\/#website"},"primaryImageOfPage":{"@id":"https:\/\/www.teleson.de\/index.php\/impressum\/#primaryimage"},"image":{"@id":"https:\/\/www.teleson.de\/index.php\/impressum\/#primaryimage"},"thumbnailUrl":"https:\/\/www.teleson.de\/wp-content\/uploads\/2022\/11\/background-green-v2-1.jpg","datePublished":"2022-09-22T15:47:45+00:00","dateModified":"2023-07-31T10:44:05+00:00","description":"Impressum der TELESON Vertriebs GmbH. Anschrift: Paul-Gerhardt-Allee 48, 81245 M\u00fcnchen. Telefon: +49 (0)89 \/ 24 44 98 39. Alle Infos.","breadcrumb":{"@id":"https:\/\/www.teleson.de\/index.php\/impressum\/#breadcrumb"},"inLanguage":"de","potentialAction":[{"@type":"ReadAction","target":["https:\/\/www.teleson.de\/index.php\/impressum\/"]}]},{"@type":"ImageObject","inLanguage":"de","@id":"https:\/\/www.teleson.de\/index.php\/impressum\/#primaryimage","url":"https:\/\/www.teleson.de\/wp-content\/uploads\/2022\/11\/background-green-v2-1.jpg","contentUrl":"https:\/\/www.teleson.de\/wp-content\/uploads\/2022\/11\/background-green-v2-1.jpg","width":2200,"height":1129},{"@type":"BreadcrumbList","@id":"https:\/\/www.teleson.de\/index.php\/impressum\/#breadcrumb","itemListElement":[{"@type":"ListItem","position":1,"name":"Startseite","item":"https:\/\/www.teleson.de\/"},{"@type":"ListItem","position":2,"name":"Impressum"}]},{"@type":"WebSite","@id":"https:\/\/www.teleson.de\/#website","url":"https:\/\/www.teleson.de\/","name":"TELESON","description":"Wir haben die Energie.","publisher":{"@id":"https:\/\/www.teleson.de\/#organization"},"potentialAction":[{"@type":"SearchAction","target":{"@type":"EntryPoint","urlTemplate":"https:\/\/www.teleson.de\/?s={search_term_string}"},"query-input":{"@type":"PropertyValueSpecification","valueRequired":true,"valueName":"search_term_string"}}],"inLanguage":"de"},{"@type":"Organization","@id":"https:\/\/www.teleson.de\/#organization","name":"TeleSon Vertriebs GmbH","url":"https:\/\/www.teleson.de\/","logo":{"@type":"ImageObject","inLanguage":"de","@id":"https:\/\/www.teleson.de\/#\/schema\/logo\/image\/","url":"https:\/\/www.teleson.de\/wp-content\/uploads\/2022\/07\/cropped-TELESON_Segel_kleiner-600x175-1.png","contentUrl":"https:\/\/www.teleson.de\/wp-content\/uploads\/2022\/07\/cropped-TELESON_Segel_kleiner-600x175-1.png","width":600,"height":171,"caption":"TeleSon Vertriebs GmbH"},"image":{"@id":"https:\/\/www.teleson.de\/#\/schema\/logo\/image\/"},"sameAs":["https:\/\/www.facebook.com\/telesonvertriebsgmbh\/","https:\/\/www.linkedin.com\/company\/teleson-vertriebs-gmbh\/","https:\/\/www.xing.com\/pages\/teleson-vertriebs-gmbh","https:\/\/www.instagram.com\/telesonvertrieb\/"]}]}},"_links":{"self":[{"href":"https:\/\/www.teleson.de\/index.php\/wp-json\/wp\/v2\/pages\/1964","targetHints":{"allow":["GET"]}}],"collection":[{"href":"https:\/\/www.teleson.de\/index.php\/wp-json\/wp\/v2\/pages"}],"about":[{"href":"https:\/\/www.teleson.de\/index.php\/wp-json\/wp\/v2\/types\/page"}],"author":[{"embeddable":true,"href":"https:\/\/www.teleson.de\/index.php\/wp-json\/wp\/v2\/users\/1"}],"replies":[{"embeddable":true,"href":"https:\/\/www.teleson.de\/index.php\/wp-json\/wp\/v2\/comments?post=1964"}],"version-history":[{"count":0,"href":"https:\/\/www.teleson.de\/index.php\/wp-json\/wp\/v2\/pages\/1964\/revisions"}],"wp:featuredmedia":[{"embeddable":true,"href":"https:\/\/www.teleson.de\/index.php\/wp-json\/wp\/v2\/media\/3455"}],"wp:attachment":[{"href":"https:\/\/www.teleson.de\/index.php\/wp-json\/wp\/v2\/media?parent=1964"}],"curies":[{"name":"wp","href":"https:\/\/api.w.org\/{rel}","templated":true}]}}